{"id":6,"date":"2017-06-19T13:48:54","date_gmt":"2017-06-19T11:48:54","guid":{"rendered":"http:\/\/sport-total.com\/schwimmen\/?page_id=6"},"modified":"2023-11-27T21:40:54","modified_gmt":"2023-11-27T20:40:54","slug":"startseite","status":"publish","type":"page","link":"https:\/\/sport-total.com\/schwimmen\/","title":{"rendered":"Startseite"},"content":{"rendered":"<p>[vc_row css=&#8220;.vc_custom_1499514171427{margin-top: 3% !important;margin-right: 7% !important;margin-left: 7% !important;}&#8220;][vc_column][vc_basic_grid post_type=&#8220;post&#8220; max_items=&#8220;2&#8243; element_width=&#8220;6&#8243; item=&#8220;1862&#8243; grid_id=&#8220;vc_gid:1701117448011-5b30ffb5-9642-10&#8243;]<!--INTRO--><section class=\"intro-section \"><div><div class=\"row\"><div class=\"col-md-4 col-sm-4\"><div class=\"intro_box\"><h2>Baby- und Kleinkinderschwimmen<br><\/h2><p>Wir bieten Baby Grundkurse, einen Baby-Mini-Club als Spiel- und Aufbaustunde und Schwimmenlernen Eltern mit Kindern.<\/p><a href=\"https:\/\/sport-total.com\/schwimmen\/baby-und-kleinkinderschwimmen\/\" class=\"btn-more\">zur Seite<\/a> <\/div><\/div><div class=\"col-md-4 col-sm-4\"><div class=\"intro_box\"><h2>Kinderschwimmen<br><\/h2><p>Egal ob Anf\u00e4nger, Fortgeschrittener oder K\u00f6nner: Wir sind f\u00fcr Dich da! Und falls Du etwas Bestimmtes \u00fcben m\u00f6chtest, bieten wir Dir auch Privatstunden an.<\/p><a href=\"https:\/\/sport-total.com\/schwimmen\/kinderschwimmen\/\" class=\"btn-more\">zur Seite<\/a> <\/div><\/div><div class=\"col-md-4 col-sm-4\"><div class=\"intro_box\"><h2>Erwachsenentraining<br><\/h2><p>Von Schwimmkursen \u00fcber Aquafitness bis Rehasport ist alles dabei: Bei uns finden Sie den richtigen Kurs f\u00fcr sich. Sebstverst\u00e4ndlich bieten wir Ihnen auch Privatstunden an.<\/p><a href=\"https:\/\/sport-total.com\/schwimmen\/erwachsenentraining\/\" class=\"btn-more\">zur Seite<\/a> <\/div><\/div><\/div><\/div><\/section><!--INTRO-->[\/vc_column][\/vc_row][vc_row css=&#8220;.vc_custom_1614891148435{margin-top: 3% !important;margin-right: 7% !important;margin-left: 7% !important;}&#8220;][vc_column][vc_column_text]Um Ihr Anf\u00e4ngerkind auf den Sommerschwimmkurs vorzubereiten, gibt es <a href=\"https:\/\/www.youtube.com\/playlist?list=PLix5KKurI4V9FgefIctVSNJzgAGrqhYaU\">auf unserem Youtube-Kanal<\/a> Videos zum Thema Wassergew\u00f6hnung. Die Akteure sind Kinder aus unseren Bereichen sowie deren Eltern oder eine unserer Trainerinnen. Also zu hause, echt, authentisch und unverf\u00e4lscht. Und manchmal auch richtig lustig. Wir m\u00f6chten Ihnen damit kleine Hilfen an die Hand geben, um Ihr Kind vorzubereiten. Sollten Sie Fragen dazu haben, schreiben Sie uns gerne an.[\/vc_column_text][\/vc_column][\/vc_row][vc_row disable_element=&#8220;yes&#8220; css=&#8220;.vc_custom_1667920738666{margin-right: 7% !important;margin-left: 7% !important;}&#8220;][vc_column][vc_video link=&#8220;https:\/\/www.youtube.com\/playlist?list=PLix5KKurI4V9FgefIctVSNJzgAGrqhYaU&#8220;][\/vc_column][\/vc_row]<\/p>\n","protected":false},"excerpt":{"rendered":"<p>[vc_row css=&#8220;.vc_custom_1499514171427{margin-top: 3% !important;margin-right: 7% !important;margin-left: 7% !important;}&#8220;][vc_column][vc_basic_grid post_type=&#8220;post&#8220; max_items=&#8220;2&#8243; element_width=&#8220;6&#8243; item=&#8220;1862&#8243; grid_id=&#8220;vc_gid:1701117448011-5b30ffb5-9642-10&#8243;][\/vc_column][\/vc_row][vc_row css=&#8220;.vc_custom_1614891148435{margin-top: 3% !important;margin-right: 7% !important;margin-left: 7% !important;}&#8220;][vc_column][vc_column_text]Um Ihr Anf\u00e4ngerkind auf den Sommerschwimmkurs vorzubereiten, gibt es auf unserem Youtube-Kanal Videos zum Thema Wassergew\u00f6hnung. Die Akteure sind Kinder aus unseren Bereichen sowie deren Eltern oder eine unserer Trainerinnen. Also zu hause, echt, authentisch und unverf\u00e4lscht. Und manchmal auch richtig lustig. Wir m\u00f6chten Ihnen damit kleine Hilfen an die Hand geben, um Ihr Kind vorzubereiten. Sollten Sie Fragen dazu haben, schreiben Sie uns gerne an.[\/vc_column_text][\/vc_column][\/vc_row][vc_row disable_element=&#8220;yes&#8220; css=&#8220;.vc_custom_1667920738666{margin-right: 7% !important;margin-left: 7% !important;}&#8220;][vc_column][vc_video link=&#8220;https:\/\/www.youtube.com\/playlist?list=PLix5KKurI4V9FgefIctVSNJzgAGrqhYaU&#8220;][\/vc_column][\/vc_row]<\/p>\n","protected":false},"author":1,"featured_media":0,"parent":0,"menu_order":0,"comment_status":"closed","ping_status":"closed","template":"","meta":[],"yoast_head":"<!-- This site is optimized with the Yoast SEO plugin v21.7 - https:\/\/yoast.com\/wordpress\/plugins\/seo\/ -->\n<title>Startseite - Sport Total Schwimmschule<\/title>\n<meta name=\"robots\" content=\"index, follow, max-snippet:-1, max-image-preview:large, max-video-preview:-1\" \/>\n<link rel=\"canonical\" href=\"https:\/\/sport-total.com\/schwimmen\/\" \/>\n<meta property=\"og:locale\" content=\"de_DE\" \/>\n<meta property=\"og:type\" content=\"article\" \/>\n<meta property=\"og:title\" content=\"Startseite - Sport Total Schwimmschule\" \/>\n<meta property=\"og:description\" content=\"[vc_row css=&#8220;.vc_custom_1499514171427{margin-top: 3% !important;margin-right: 7% !important;margin-left: 7% !important;}&#8220;][vc_column][vc_basic_grid post_type=&#8220;post&#8220; max_items=&#8220;2&#8243; element_width=&#8220;6&#8243; item=&#8220;1862&#8243; grid_id=&#8220;vc_gid:1701117448011-5b30ffb5-9642-10&#8243;][\/vc_column][\/vc_row][vc_row css=&#8220;.vc_custom_1614891148435{margin-top: 3% !important;margin-right: 7% !important;margin-left: 7% !important;}&#8220;][vc_column][vc_column_text]Um Ihr Anf\u00e4ngerkind auf den Sommerschwimmkurs vorzubereiten, gibt es auf unserem Youtube-Kanal Videos zum Thema Wassergew\u00f6hnung. Die Akteure sind Kinder aus unseren Bereichen sowie deren Eltern oder eine unserer Trainerinnen. Also zu hause, echt, authentisch und unverf\u00e4lscht. Und manchmal auch richtig lustig. Wir m\u00f6chten Ihnen damit kleine Hilfen an die Hand geben, um Ihr Kind vorzubereiten. Sollten Sie Fragen dazu haben, schreiben Sie uns gerne an.[\/vc_column_text][\/vc_column][\/vc_row][vc_row disable_element=&#8220;yes&#8220; css=&#8220;.vc_custom_1667920738666{margin-right: 7% !important;margin-left: 7% !important;}&#8220;][vc_column][vc_video link=&#8220;https:\/\/www.youtube.com\/playlist?list=PLix5KKurI4V9FgefIctVSNJzgAGrqhYaU&#8220;][\/vc_column][\/vc_row]\" \/>\n<meta property=\"og:url\" content=\"https:\/\/sport-total.com\/schwimmen\/\" \/>\n<meta property=\"og:site_name\" content=\"Sport Total Schwimmschule\" \/>\n<meta property=\"article:modified_time\" content=\"2023-11-27T20:40:54+00:00\" \/>\n<meta name=\"twitter:card\" content=\"summary_large_image\" \/>\n<meta name=\"twitter:label1\" content=\"Gesch\u00e4tzte Lesezeit\" \/>\n\t<meta name=\"twitter:data1\" content=\"1 Minute\" \/>\n<script type=\"application\/ld+json\" class=\"yoast-schema-graph\">{\"@context\":\"https:\/\/schema.org\",\"@graph\":[{\"@type\":\"WebPage\",\"@id\":\"https:\/\/sport-total.com\/schwimmen\/\",\"url\":\"https:\/\/sport-total.com\/schwimmen\/\",\"name\":\"Startseite - Sport Total Schwimmschule\",\"isPartOf\":{\"@id\":\"https:\/\/sport-total.com\/schwimmen\/#website\"},\"datePublished\":\"2017-06-19T11:48:54+00:00\",\"dateModified\":\"2023-11-27T20:40:54+00:00\",\"breadcrumb\":{\"@id\":\"https:\/\/sport-total.com\/schwimmen\/#breadcrumb\"},\"inLanguage\":\"de-DE\",\"potentialAction\":[{\"@type\":\"ReadAction\",\"target\":[\"https:\/\/sport-total.com\/schwimmen\/\"]}]},{\"@type\":\"BreadcrumbList\",\"@id\":\"https:\/\/sport-total.com\/schwimmen\/#breadcrumb\",\"itemListElement\":[{\"@type\":\"ListItem\",\"position\":1,\"name\":\"Startseite\",\"item\":\"https:\/\/sport-total.com\/schwimmen\/\"},{\"@type\":\"ListItem\",\"position\":2,\"name\":\"Startseite\"}]},{\"@type\":\"WebSite\",\"@id\":\"https:\/\/sport-total.com\/schwimmen\/#website\",\"url\":\"https:\/\/sport-total.com\/schwimmen\/\",\"name\":\"Sport Total Schwimmschule\",\"description\":\"Alles rund ums Schwimmen!\",\"publisher\":{\"@id\":\"https:\/\/sport-total.com\/schwimmen\/#organization\"},\"potentialAction\":[{\"@type\":\"SearchAction\",\"target\":{\"@type\":\"EntryPoint\",\"urlTemplate\":\"https:\/\/sport-total.com\/schwimmen\/?s={search_term_string}\"},\"query-input\":\"required name=search_term_string\"}],\"inLanguage\":\"de-DE\"},{\"@type\":\"Organization\",\"@id\":\"https:\/\/sport-total.com\/schwimmen\/#organization\",\"name\":\"Sport Total\",\"url\":\"https:\/\/sport-total.com\/schwimmen\/\",\"logo\":{\"@type\":\"ImageObject\",\"inLanguage\":\"de-DE\",\"@id\":\"https:\/\/sport-total.com\/schwimmen\/#\/schema\/logo\/image\/\",\"url\":\"https:\/\/sport-total.com\/schwimmen\/wp-content\/uploads\/sites\/2\/2017\/06\/Logo_Sport_Total.png\",\"contentUrl\":\"https:\/\/sport-total.com\/schwimmen\/wp-content\/uploads\/sites\/2\/2017\/06\/Logo_Sport_Total.png\",\"width\":2000,\"height\":995,\"caption\":\"Sport Total\"},\"image\":{\"@id\":\"https:\/\/sport-total.com\/schwimmen\/#\/schema\/logo\/image\/\"}}]}<\/script>\n<!-- \/ Yoast SEO plugin. -->","yoast_head_json":{"title":"Startseite - Sport Total Schwimmschule","robots":{"index":"index","follow":"follow","max-snippet":"max-snippet:-1","max-image-preview":"max-image-preview:large","max-video-preview":"max-video-preview:-1"},"canonical":"https:\/\/sport-total.com\/schwimmen\/","og_locale":"de_DE","og_type":"article","og_title":"Startseite - Sport Total Schwimmschule","og_description":"[vc_row css=&#8220;.vc_custom_1499514171427{margin-top: 3% !important;margin-right: 7% !important;margin-left: 7% !important;}&#8220;][vc_column][vc_basic_grid post_type=&#8220;post&#8220; max_items=&#8220;2&#8243; element_width=&#8220;6&#8243; item=&#8220;1862&#8243; grid_id=&#8220;vc_gid:1701117448011-5b30ffb5-9642-10&#8243;][\/vc_column][\/vc_row][vc_row css=&#8220;.vc_custom_1614891148435{margin-top: 3% !important;margin-right: 7% !important;margin-left: 7% !important;}&#8220;][vc_column][vc_column_text]Um Ihr Anf\u00e4ngerkind auf den Sommerschwimmkurs vorzubereiten, gibt es auf unserem Youtube-Kanal Videos zum Thema Wassergew\u00f6hnung. Die Akteure sind Kinder aus unseren Bereichen sowie deren Eltern oder eine unserer Trainerinnen. Also zu hause, echt, authentisch und unverf\u00e4lscht. Und manchmal auch richtig lustig. Wir m\u00f6chten Ihnen damit kleine Hilfen an die Hand geben, um Ihr Kind vorzubereiten. Sollten Sie Fragen dazu haben, schreiben Sie uns gerne an.[\/vc_column_text][\/vc_column][\/vc_row][vc_row disable_element=&#8220;yes&#8220; css=&#8220;.vc_custom_1667920738666{margin-right: 7% !important;margin-left: 7% !important;}&#8220;][vc_column][vc_video link=&#8220;https:\/\/www.youtube.com\/playlist?list=PLix5KKurI4V9FgefIctVSNJzgAGrqhYaU&#8220;][\/vc_column][\/vc_row]","og_url":"https:\/\/sport-total.com\/schwimmen\/","og_site_name":"Sport Total Schwimmschule","article_modified_time":"2023-11-27T20:40:54+00:00","twitter_card":"summary_large_image","twitter_misc":{"Gesch\u00e4tzte Lesezeit":"1 Minute"},"schema":{"@context":"https:\/\/schema.org","@graph":[{"@type":"WebPage","@id":"https:\/\/sport-total.com\/schwimmen\/","url":"https:\/\/sport-total.com\/schwimmen\/","name":"Startseite - Sport Total Schwimmschule","isPartOf":{"@id":"https:\/\/sport-total.com\/schwimmen\/#website"},"datePublished":"2017-06-19T11:48:54+00:00","dateModified":"2023-11-27T20:40:54+00:00","breadcrumb":{"@id":"https:\/\/sport-total.com\/schwimmen\/#breadcrumb"},"inLanguage":"de-DE","potentialAction":[{"@type":"ReadAction","target":["https:\/\/sport-total.com\/schwimmen\/"]}]},{"@type":"BreadcrumbList","@id":"https:\/\/sport-total.com\/schwimmen\/#breadcrumb","itemListElement":[{"@type":"ListItem","position":1,"name":"Startseite","item":"https:\/\/sport-total.com\/schwimmen\/"},{"@type":"ListItem","position":2,"name":"Startseite"}]},{"@type":"WebSite","@id":"https:\/\/sport-total.com\/schwimmen\/#website","url":"https:\/\/sport-total.com\/schwimmen\/","name":"Sport Total Schwimmschule","description":"Alles rund ums Schwimmen!","publisher":{"@id":"https:\/\/sport-total.com\/schwimmen\/#organization"},"potentialAction":[{"@type":"SearchAction","target":{"@type":"EntryPoint","urlTemplate":"https:\/\/sport-total.com\/schwimmen\/?s={search_term_string}"},"query-input":"required name=search_term_string"}],"inLanguage":"de-DE"},{"@type":"Organization","@id":"https:\/\/sport-total.com\/schwimmen\/#organization","name":"Sport Total","url":"https:\/\/sport-total.com\/schwimmen\/","logo":{"@type":"ImageObject","inLanguage":"de-DE","@id":"https:\/\/sport-total.com\/schwimmen\/#\/schema\/logo\/image\/","url":"https:\/\/sport-total.com\/schwimmen\/wp-content\/uploads\/sites\/2\/2017\/06\/Logo_Sport_Total.png","contentUrl":"https:\/\/sport-total.com\/schwimmen\/wp-content\/uploads\/sites\/2\/2017\/06\/Logo_Sport_Total.png","width":2000,"height":995,"caption":"Sport Total"},"image":{"@id":"https:\/\/sport-total.com\/schwimmen\/#\/schema\/logo\/image\/"}}]}},"_links":{"self":[{"href":"https:\/\/sport-total.com\/schwimmen\/wp-json\/wp\/v2\/pages\/6"}],"collection":[{"href":"https:\/\/sport-total.com\/schwimmen\/wp-json\/wp\/v2\/pages"}],"about":[{"href":"https:\/\/sport-total.com\/schwimmen\/wp-json\/wp\/v2\/types\/page"}],"author":[{"embeddable":true,"href":"https:\/\/sport-total.com\/schwimmen\/wp-json\/wp\/v2\/users\/1"}],"replies":[{"embeddable":true,"href":"https:\/\/sport-total.com\/schwimmen\/wp-json\/wp\/v2\/comments?post=6"}],"version-history":[{"count":68,"href":"https:\/\/sport-total.com\/schwimmen\/wp-json\/wp\/v2\/pages\/6\/revisions"}],"predecessor-version":[{"id":3298,"href":"https:\/\/sport-total.com\/schwimmen\/wp-json\/wp\/v2\/pages\/6\/revisions\/3298"}],"wp:attachment":[{"href":"https:\/\/sport-total.com\/schwimmen\/wp-json\/wp\/v2\/media?parent=6"}],"curies":[{"name":"wp","href":"https:\/\/api.w.org\/{rel}","templated":true}]}}