{"id":28,"date":"2017-06-20T09:52:07","date_gmt":"2017-06-20T07:52:07","guid":{"rendered":"http:\/\/sport-total.com\/schwimmen\/?page_id=28"},"modified":"2024-08-28T07:16:38","modified_gmt":"2024-08-28T05:16:38","slug":"impressum","status":"publish","type":"page","link":"https:\/\/sport-total.com\/schwimmen\/impressum\/","title":{"rendered":"Impressum"},"content":{"rendered":"<p>[vc_row content_placement=&#8220;middle&#8220; css=&#8220;.vc_custom_1498067430481{margin-right: 7% !important;margin-left: 7% !important;}&#8220;][vc_column width=&#8220;2\/3&#8243;][vc_single_image image=&#8220;1776&#8243; img_size=&#8220;full&#8220; onclick=&#8220;zoom&#8220; title=&#8220;Anfahrt Koi&#8220;][\/vc_column][vc_column width=&#8220;1\/3&#8243;][vc_column_text]Anke Bauermeister Diplom-Sportlehrerin, A-Trainerin\/DSV, EAP\/MTT-Sporttherapeutin<\/p>\n<p>Tina Kaufmann Diplom-Sportlehrerin, A-Trainerin\/DTB, Staatl. gepr. Tennislehrerin\/VDT<\/p>\n<p>SPORT TOTAL Sportschule<br \/>\nW\u00fcrzbacher Weg 8<br \/>\n66459 Kirkel<\/p>\n<p>Tel. 06849 \/ 91481<br \/>\nFax 06849 \/ 91482<\/p>\n<p>E-Mail: info@sport-total.com<\/p>\n<p>Steuer-Nr.: 040\/157\/13343<\/p>\n<p>Bank-Verbindung:<br \/>\nSPORT TOTAL Sportschule<br \/>\nKSK Saarpfalz BIC: SALADE51HOM<br \/>\nIBAN: DE38 5945 0010 1011 0645 89[\/vc_column_text][\/vc_column][\/vc_row][vc_row disable_element=&#8220;yes&#8220; css=&#8220;.vc_custom_1668608001591{margin-top: 3% !important;margin-right: 7% !important;margin-left: 7% !important;}&#8220; el_id=&#8220;anfahrtKoi&#8220;][vc_column][vc_gmaps link=&#8220;#E-8_JTNDaWZyYW1lJTIwc3JjJTNEJTIyaHR0cHMlM0ElMkYlMkZ3d3cuZ29vZ2xlLmNvbSUyRm1hcHMlMkZlbWJlZCUzRnBiJTNEJTIxMW0xOCUyMTFtMTIlMjExbTMlMjExZDIwNzk4LjQyNzg4OTU2MTE2NCUyMTJkNy4zMzQ0Mjg2MzgwNjcwOTglMjEzZDQ5LjMzNjkzOTE3OTMzNzI3JTIxMm0zJTIxMWYwJTIxMmYwJTIxM2YwJTIxM20yJTIxMWkxMDI0JTIxMmk3NjglMjE0ZjEzLjElMjEzbTMlMjExbTIlMjExczB4NDc5NWRiMDE1NGQwMTgyNyUyNTNBMHhiY2UxOGM2YjkwZGJlM2YxJTIxMnNLT0klMkJCYWQlMkIlMjUyNiUyQlNhdW5hJTIxNWUwJTIxM20yJTIxMXNkZSUyMTJzZGUlMjE0djE1MTQ1NDQ5NTk3NjglMjIlMjB3aWR0aCUzRCUyMjYwMCUyMiUyMGhlaWdodCUzRCUyMjQ1MCUyMiUyMGZyYW1lYm9yZGVyJTNEJTIyMCUyMiUyMHN0eWxlJTNEJTIyYm9yZGVyJTNBMCUyMiUyMGFsbG93ZnVsbHNjcmVlbiUzRSUzQyUyRmlmcmFtZSUzRQ==&#8220; size=&#8220;&#8220; title=&#8220;Anfahrt Koi&#8220;][\/vc_column][\/vc_row][vc_row css=&#8220;.vc_custom_1536243854594{margin-right: 7% !important;margin-left: 7% !important;}&#8220;][vc_column][vc_column_text]<\/p>\n<h3>Streitschlichtung<\/h3>\n<p>Die Europ\u00e4ische Kommission stellt eine Plattform zur Online-Streitbeilegung (OS) bereit: <a href=\"https:\/\/ec.europa.eu\/consumers\/odr\" target=\"_blank\" rel=\"noopener noreferrer\">https:\/\/ec.europa.eu\/consumers\/odr<\/a>.<br \/>\nUnsere E-Mail-Adresse finden Sie oben im Impressum.<\/p>\n<p>Wir sind nicht bereit oder verpflichtet, an Streitbeilegungsverfahren vor einer Verbraucherschlichtungsstelle teilzunehmen.<\/p>\n<h3>Haftung f\u00fcr Inhalte<\/h3>\n<p>Als Diensteanbieter sind wir gem\u00e4\u00df \u00a7 7 Abs.1 TMG f\u00fcr eigene Inhalte auf diesen Seiten nach den allgemeinen Gesetzen verantwortlich. Nach \u00a7\u00a7 8 bis 10 TMG sind wir als Diensteanbieter jedoch nicht verpflichtet, \u00fcbermittelte oder gespeicherte fremde Informationen zu \u00fcberwachen oder nach Umst\u00e4nden zu forschen, die auf eine rechtswidrige T\u00e4tigkeit hinweisen.<\/p>\n<p>Verpflichtungen zur Entfernung oder Sperrung der Nutzung von Informationen nach den allgemeinen Gesetzen bleiben hiervon unber\u00fchrt. Eine diesbez\u00fcgliche Haftung ist jedoch erst ab dem Zeitpunkt der Kenntnis einer konkreten Rechtsverletzung m\u00f6glich. Bei Bekanntwerden von entsprechenden Rechtsverletzungen werden wir diese Inhalte umgehend entfernen.<\/p>\n<h3>Haftung f\u00fcr Links<\/h3>\n<p>Unser Angebot enth\u00e4lt Links zu externen Websites Dritter, auf deren Inhalte wir keinen Einfluss haben. Deshalb k\u00f6nnen wir f\u00fcr diese fremden Inhalte auch keine Gew\u00e4hr \u00fcbernehmen. F\u00fcr die Inhalte der verlinkten Seiten ist stets der jeweilige Anbieter oder Betreiber der Seiten verantwortlich. Die verlinkten Seiten wurden zum Zeitpunkt der Verlinkung auf m\u00f6gliche Rechtsverst\u00f6\u00dfe \u00fcberpr\u00fcft. Rechtswidrige Inhalte waren zum Zeitpunkt der Verlinkung nicht erkennbar.<\/p>\n<p>Eine permanente inhaltliche Kontrolle der verlinkten Seiten ist jedoch ohne konkrete Anhaltspunkte einer Rechtsverletzung nicht zumutbar. Bei Bekanntwerden von Rechtsverletzungen werden wir derartige Links umgehend entfernen.<\/p>\n<h3>Urheberrecht<\/h3>\n<p>Die durch die Seitenbetreiber erstellten Inhalte und Werke auf diesen Seiten unterliegen dem deutschen Urheberrecht. Die Vervielf\u00e4ltigung, Bearbeitung, Verbreitung und jede Art der Verwertung au\u00dferhalb der Grenzen des Urheberrechtes bed\u00fcrfen der schriftlichen Zustimmung des jeweiligen Autors bzw. Erstellers. Downloads und Kopien dieser Seite sind nur f\u00fcr den privaten, nicht kommerziellen Gebrauch gestattet.<\/p>\n<p>Soweit die Inhalte auf dieser Seite nicht vom Betreiber erstellt wurden, werden die Urheberrechte Dritter beachtet. Insbesondere werden Inhalte Dritter als solche gekennzeichnet. Sollten Sie trotzdem auf eine Urheberrechtsverletzung aufmerksam werden, bitten wir um einen entsprechenden Hinweis. Bei Bekanntwerden von Rechtsverletzungen werden wir derartige Inhalte umgehend entfernen.<\/p>\n<p>Quelle: <a href=\"https:\/\/www.e-recht24.de\">https:\/\/www.e-recht24.de<\/a>[\/vc_column_text][\/vc_column][\/vc_row]<\/p>\n","protected":false},"excerpt":{"rendered":"<p>[vc_row content_placement=&#8220;middle&#8220; css=&#8220;.vc_custom_1498067430481{margin-right: 7% !important;margin-left: 7% !important;}&#8220;][vc_column width=&#8220;2\/3&#8243;][vc_single_image image=&#8220;1776&#8243; img_size=&#8220;full&#8220; onclick=&#8220;zoom&#8220; title=&#8220;Anfahrt Koi&#8220;][\/vc_column][vc_column width=&#8220;1\/3&#8243;][vc_column_text]Anke Bauermeister Diplom-Sportlehrerin, A-Trainerin\/DSV, EAP\/MTT-Sporttherapeutin Tina Kaufmann Diplom-Sportlehrerin, A-Trainerin\/DTB, Staatl. gepr. Tennislehrerin\/VDT SPORT TOTAL Sportschule W\u00fcrzbacher Weg 8 66459 Kirkel Tel. 06849 \/ 91481 Fax 06849 \/ 91482 E-Mail: info@sport-total.com Steuer-Nr.: 040\/157\/13343 Bank-Verbindung: SPORT TOTAL Sportschule KSK Saarpfalz BIC: SALADE51HOM IBAN: DE38 5945 0010 1011 0645 89[\/vc_column_text][\/vc_column][\/vc_row][vc_row disable_element=&#8220;yes&#8220; css=&#8220;.vc_custom_1668608001591{margin-top: 3% !important;margin-right: 7% !important;margin-left: 7% !important;}&#8220; el_id=&#8220;anfahrtKoi&#8220;][vc_column][vc_gmaps link=&#8220;#E-8_JTNDaWZyYW1lJTIwc3JjJTNEJTIyaHR0cHMlM0ElMkYlMkZ3d3cuZ29vZ2xlLmNvbSUyRm1hcHMlMkZlbWJlZCUzRnBiJTNEJTIxMW0xOCUyMTFtMTIlMjExbTMlMjExZDIwNzk4LjQyNzg4OTU2MTE2NCUyMTJkNy4zMzQ0Mjg2MzgwNjcwOTglMjEzZDQ5LjMzNjkzOTE3OTMzNzI3JTIxMm0zJTIxMWYwJTIxMmYwJTIxM2YwJTIxM20yJTIxMWkxMDI0JTIxMmk3NjglMjE0ZjEzLjElMjEzbTMlMjExbTIlMjExczB4NDc5NWRiMDE1NGQwMTgyNyUyNTNBMHhiY2UxOGM2YjkwZGJlM2YxJTIxMnNLT0klMkJCYWQlMkIlMjUyNiUyQlNhdW5hJTIxNWUwJTIxM20yJTIxMXNkZSUyMTJzZGUlMjE0djE1MTQ1NDQ5NTk3NjglMjIlMjB3aWR0aCUzRCUyMjYwMCUyMiUyMGhlaWdodCUzRCUyMjQ1MCUyMiUyMGZyYW1lYm9yZGVyJTNEJTIyMCUyMiUyMHN0eWxlJTNEJTIyYm9yZGVyJTNBMCUyMiUyMGFsbG93ZnVsbHNjcmVlbiUzRSUzQyUyRmlmcmFtZSUzRQ==&#8220; size=&#8220;&#8220; title=&#8220;Anfahrt Koi&#8220;][\/vc_column][\/vc_row][vc_row css=&#8220;.vc_custom_1536243854594{margin-right: 7% !important;margin-left: 7% !important;}&#8220;][vc_column][vc_column_text] Streitschlichtung Die Europ\u00e4ische Kommission stellt eine Plattform zur Online-Streitbeilegung (OS) bereit: https:\/\/ec.europa.eu\/consumers\/odr. Unsere E-Mail-Adresse finden Sie oben im Impressum. Wir sind nicht bereit oder verpflichtet, an Streitbeilegungsverfahren vor einer Verbraucherschlichtungsstelle teilzunehmen. Haftung f\u00fcr Inhalte Als Diensteanbieter sind wir gem\u00e4\u00df \u00a7 7 Abs.1 TMG f\u00fcr eigene Inhalte auf diesen Seiten nach den allgemeinen Gesetzen verantwortlich. Nach \u00a7\u00a7 8 bis 10 TMG sind wir als Diensteanbieter jedoch nicht verpflichtet, \u00fcbermittelte oder gespeicherte fremde Informationen zu \u00fcberwachen oder nach Umst\u00e4nden zu forschen, die auf eine rechtswidrige T\u00e4tigkeit hinweisen. Verpflichtungen zur Entfernung oder Sperrung der Nutzung von Informationen nach den allgemeinen Gesetzen bleiben hiervon unber\u00fchrt. Eine diesbez\u00fcgliche Haftung ist jedoch erst ab dem Zeitpunkt der Kenntnis einer konkreten Rechtsverletzung m\u00f6glich. Bei Bekanntwerden von entsprechenden Rechtsverletzungen werden wir diese Inhalte umgehend entfernen. Haftung f\u00fcr Links Unser Angebot enth\u00e4lt Links zu externen Websites Dritter, auf deren Inhalte wir keinen Einfluss haben. Deshalb k\u00f6nnen wir f\u00fcr diese fremden Inhalte auch keine Gew\u00e4hr \u00fcbernehmen. F\u00fcr die Inhalte der verlinkten Seiten ist stets der jeweilige Anbieter oder Betreiber der Seiten verantwortlich. Die verlinkten Seiten wurden zum Zeitpunkt der Verlinkung auf m\u00f6gliche Rechtsverst\u00f6\u00dfe \u00fcberpr\u00fcft. Rechtswidrige Inhalte waren zum Zeitpunkt der Verlinkung nicht erkennbar. Eine permanente inhaltliche Kontrolle der verlinkten Seiten ist jedoch ohne konkrete Anhaltspunkte einer Rechtsverletzung nicht zumutbar. Bei Bekanntwerden von Rechtsverletzungen werden wir derartige Links umgehend entfernen. Urheberrecht Die durch die Seitenbetreiber erstellten Inhalte und Werke auf diesen Seiten unterliegen dem deutschen Urheberrecht. Die Vervielf\u00e4ltigung, Bearbeitung, Verbreitung und jede Art der Verwertung au\u00dferhalb der Grenzen des Urheberrechtes bed\u00fcrfen der schriftlichen Zustimmung des jeweiligen Autors bzw. Erstellers. Downloads und Kopien dieser Seite sind nur f\u00fcr den privaten, nicht kommerziellen Gebrauch gestattet. Soweit die Inhalte auf dieser Seite nicht vom Betreiber erstellt wurden, werden die Urheberrechte Dritter beachtet. Insbesondere werden Inhalte Dritter als solche gekennzeichnet. Sollten Sie trotzdem auf eine Urheberrechtsverletzung aufmerksam werden, bitten wir um einen entsprechenden Hinweis. Bei Bekanntwerden von Rechtsverletzungen werden wir derartige Inhalte umgehend entfernen. Quelle: https:\/\/www.e-recht24.de[\/vc_column_text][\/vc_column][\/vc_row]<\/p>\n","protected":false},"author":1,"featured_media":0,"parent":0,"menu_order":0,"comment_status":"closed","ping_status":"closed","template":"","meta":[],"yoast_head":"<!-- This site is optimized with the Yoast SEO plugin v21.7 - https:\/\/yoast.com\/wordpress\/plugins\/seo\/ -->\n<title>Impressum - Sport Total Schwimmschule<\/title>\n<meta name=\"robots\" content=\"index, follow, max-snippet:-1, max-image-preview:large, max-video-preview:-1\" \/>\n<link rel=\"canonical\" href=\"https:\/\/sport-total.com\/schwimmen\/impressum\/\" \/>\n<meta property=\"og:locale\" content=\"de_DE\" \/>\n<meta property=\"og:type\" content=\"article\" \/>\n<meta property=\"og:title\" content=\"Impressum - Sport Total Schwimmschule\" \/>\n<meta property=\"og:description\" content=\"[vc_row content_placement=&#8220;middle&#8220; css=&#8220;.vc_custom_1498067430481{margin-right: 7% !important;margin-left: 7% !important;}&#8220;][vc_column width=&#8220;2\/3&#8243;][vc_single_image image=&#8220;1776&#8243; img_size=&#8220;full&#8220; onclick=&#8220;zoom&#8220; title=&#8220;Anfahrt Koi&#8220;][\/vc_column][vc_column width=&#8220;1\/3&#8243;][vc_column_text]Anke Bauermeister Diplom-Sportlehrerin, A-Trainerin\/DSV, EAP\/MTT-Sporttherapeutin Tina Kaufmann Diplom-Sportlehrerin, A-Trainerin\/DTB, Staatl. gepr. Tennislehrerin\/VDT SPORT TOTAL Sportschule W\u00fcrzbacher Weg 8 66459 Kirkel Tel. 06849 \/ 91481 Fax 06849 \/ 91482 E-Mail: info@sport-total.com Steuer-Nr.: 040\/157\/13343 Bank-Verbindung: SPORT TOTAL Sportschule KSK Saarpfalz BIC: SALADE51HOM IBAN: DE38 5945 0010 1011 0645 89[\/vc_column_text][\/vc_column][\/vc_row][vc_row disable_element=&#8220;yes&#8220; css=&#8220;.vc_custom_1668608001591{margin-top: 3% !important;margin-right: 7% !important;margin-left: 7% !important;}&#8220; el_id=&#8220;anfahrtKoi&#8220;][vc_column][vc_gmaps link=&#8220;#E-8_JTNDaWZyYW1lJTIwc3JjJTNEJTIyaHR0cHMlM0ElMkYlMkZ3d3cuZ29vZ2xlLmNvbSUyRm1hcHMlMkZlbWJlZCUzRnBiJTNEJTIxMW0xOCUyMTFtMTIlMjExbTMlMjExZDIwNzk4LjQyNzg4OTU2MTE2NCUyMTJkNy4zMzQ0Mjg2MzgwNjcwOTglMjEzZDQ5LjMzNjkzOTE3OTMzNzI3JTIxMm0zJTIxMWYwJTIxMmYwJTIxM2YwJTIxM20yJTIxMWkxMDI0JTIxMmk3NjglMjE0ZjEzLjElMjEzbTMlMjExbTIlMjExczB4NDc5NWRiMDE1NGQwMTgyNyUyNTNBMHhiY2UxOGM2YjkwZGJlM2YxJTIxMnNLT0klMkJCYWQlMkIlMjUyNiUyQlNhdW5hJTIxNWUwJTIxM20yJTIxMXNkZSUyMTJzZGUlMjE0djE1MTQ1NDQ5NTk3NjglMjIlMjB3aWR0aCUzRCUyMjYwMCUyMiUyMGhlaWdodCUzRCUyMjQ1MCUyMiUyMGZyYW1lYm9yZGVyJTNEJTIyMCUyMiUyMHN0eWxlJTNEJTIyYm9yZGVyJTNBMCUyMiUyMGFsbG93ZnVsbHNjcmVlbiUzRSUzQyUyRmlmcmFtZSUzRQ==&#8220; size=&#8220;&#8220; title=&#8220;Anfahrt Koi&#8220;][\/vc_column][\/vc_row][vc_row css=&#8220;.vc_custom_1536243854594{margin-right: 7% !important;margin-left: 7% !important;}&#8220;][vc_column][vc_column_text] Streitschlichtung Die Europ\u00e4ische Kommission stellt eine Plattform zur Online-Streitbeilegung (OS) bereit: https:\/\/ec.europa.eu\/consumers\/odr. Unsere E-Mail-Adresse finden Sie oben im Impressum. Wir sind nicht bereit oder verpflichtet, an Streitbeilegungsverfahren vor einer Verbraucherschlichtungsstelle teilzunehmen. Haftung f\u00fcr Inhalte Als Diensteanbieter sind wir gem\u00e4\u00df \u00a7 7 Abs.1 TMG f\u00fcr eigene Inhalte auf diesen Seiten nach den allgemeinen Gesetzen verantwortlich. Nach \u00a7\u00a7 8 bis 10 TMG sind wir als Diensteanbieter jedoch nicht verpflichtet, \u00fcbermittelte oder gespeicherte fremde Informationen zu \u00fcberwachen oder nach Umst\u00e4nden zu forschen, die auf eine rechtswidrige T\u00e4tigkeit hinweisen. Verpflichtungen zur Entfernung oder Sperrung der Nutzung von Informationen nach den allgemeinen Gesetzen bleiben hiervon unber\u00fchrt. Eine diesbez\u00fcgliche Haftung ist jedoch erst ab dem Zeitpunkt der Kenntnis einer konkreten Rechtsverletzung m\u00f6glich. Bei Bekanntwerden von entsprechenden Rechtsverletzungen werden wir diese Inhalte umgehend entfernen. Haftung f\u00fcr Links Unser Angebot enth\u00e4lt Links zu externen Websites Dritter, auf deren Inhalte wir keinen Einfluss haben. Deshalb k\u00f6nnen wir f\u00fcr diese fremden Inhalte auch keine Gew\u00e4hr \u00fcbernehmen. F\u00fcr die Inhalte der verlinkten Seiten ist stets der jeweilige Anbieter oder Betreiber der Seiten verantwortlich. Die verlinkten Seiten wurden zum Zeitpunkt der Verlinkung auf m\u00f6gliche Rechtsverst\u00f6\u00dfe \u00fcberpr\u00fcft. Rechtswidrige Inhalte waren zum Zeitpunkt der Verlinkung nicht erkennbar. Eine permanente inhaltliche Kontrolle der verlinkten Seiten ist jedoch ohne konkrete Anhaltspunkte einer Rechtsverletzung nicht zumutbar. Bei Bekanntwerden von Rechtsverletzungen werden wir derartige Links umgehend entfernen. Urheberrecht Die durch die Seitenbetreiber erstellten Inhalte und Werke auf diesen Seiten unterliegen dem deutschen Urheberrecht. Die Vervielf\u00e4ltigung, Bearbeitung, Verbreitung und jede Art der Verwertung au\u00dferhalb der Grenzen des Urheberrechtes bed\u00fcrfen der schriftlichen Zustimmung des jeweiligen Autors bzw. Erstellers. Downloads und Kopien dieser Seite sind nur f\u00fcr den privaten, nicht kommerziellen Gebrauch gestattet. Soweit die Inhalte auf dieser Seite nicht vom Betreiber erstellt wurden, werden die Urheberrechte Dritter beachtet. Insbesondere werden Inhalte Dritter als solche gekennzeichnet. Sollten Sie trotzdem auf eine Urheberrechtsverletzung aufmerksam werden, bitten wir um einen entsprechenden Hinweis. Bei Bekanntwerden von Rechtsverletzungen werden wir derartige Inhalte umgehend entfernen. Quelle: https:\/\/www.e-recht24.de[\/vc_column_text][\/vc_column][\/vc_row]\" \/>\n<meta property=\"og:url\" content=\"https:\/\/sport-total.com\/schwimmen\/impressum\/\" \/>\n<meta property=\"og:site_name\" content=\"Sport Total Schwimmschule\" \/>\n<meta property=\"article:modified_time\" content=\"2024-08-28T05:16:38+00:00\" \/>\n<meta name=\"twitter:card\" content=\"summary_large_image\" \/>\n<meta name=\"twitter:label1\" content=\"Gesch\u00e4tzte Lesezeit\" \/>\n\t<meta name=\"twitter:data1\" content=\"3 Minuten\" \/>\n<script type=\"application\/ld+json\" class=\"yoast-schema-graph\">{\"@context\":\"https:\/\/schema.org\",\"@graph\":[{\"@type\":\"WebPage\",\"@id\":\"https:\/\/sport-total.com\/schwimmen\/impressum\/\",\"url\":\"https:\/\/sport-total.com\/schwimmen\/impressum\/\",\"name\":\"Impressum - Sport Total Schwimmschule\",\"isPartOf\":{\"@id\":\"https:\/\/sport-total.com\/schwimmen\/#website\"},\"datePublished\":\"2017-06-20T07:52:07+00:00\",\"dateModified\":\"2024-08-28T05:16:38+00:00\",\"breadcrumb\":{\"@id\":\"https:\/\/sport-total.com\/schwimmen\/impressum\/#breadcrumb\"},\"inLanguage\":\"de-DE\",\"potentialAction\":[{\"@type\":\"ReadAction\",\"target\":[\"https:\/\/sport-total.com\/schwimmen\/impressum\/\"]}]},{\"@type\":\"BreadcrumbList\",\"@id\":\"https:\/\/sport-total.com\/schwimmen\/impressum\/#breadcrumb\",\"itemListElement\":[{\"@type\":\"ListItem\",\"position\":1,\"name\":\"Startseite\",\"item\":\"https:\/\/sport-total.com\/schwimmen\/\"},{\"@type\":\"ListItem\",\"position\":2,\"name\":\"Impressum\"}]},{\"@type\":\"WebSite\",\"@id\":\"https:\/\/sport-total.com\/schwimmen\/#website\",\"url\":\"https:\/\/sport-total.com\/schwimmen\/\",\"name\":\"Sport Total Schwimmschule\",\"description\":\"Alles rund ums Schwimmen!\",\"publisher\":{\"@id\":\"https:\/\/sport-total.com\/schwimmen\/#organization\"},\"potentialAction\":[{\"@type\":\"SearchAction\",\"target\":{\"@type\":\"EntryPoint\",\"urlTemplate\":\"https:\/\/sport-total.com\/schwimmen\/?s={search_term_string}\"},\"query-input\":\"required name=search_term_string\"}],\"inLanguage\":\"de-DE\"},{\"@type\":\"Organization\",\"@id\":\"https:\/\/sport-total.com\/schwimmen\/#organization\",\"name\":\"Sport Total\",\"url\":\"https:\/\/sport-total.com\/schwimmen\/\",\"logo\":{\"@type\":\"ImageObject\",\"inLanguage\":\"de-DE\",\"@id\":\"https:\/\/sport-total.com\/schwimmen\/#\/schema\/logo\/image\/\",\"url\":\"https:\/\/sport-total.com\/schwimmen\/wp-content\/uploads\/sites\/2\/2017\/06\/Logo_Sport_Total.png\",\"contentUrl\":\"https:\/\/sport-total.com\/schwimmen\/wp-content\/uploads\/sites\/2\/2017\/06\/Logo_Sport_Total.png\",\"width\":2000,\"height\":995,\"caption\":\"Sport Total\"},\"image\":{\"@id\":\"https:\/\/sport-total.com\/schwimmen\/#\/schema\/logo\/image\/\"}}]}<\/script>\n<!-- \/ Yoast SEO plugin. -->","yoast_head_json":{"title":"Impressum - Sport Total Schwimmschule","robots":{"index":"index","follow":"follow","max-snippet":"max-snippet:-1","max-image-preview":"max-image-preview:large","max-video-preview":"max-video-preview:-1"},"canonical":"https:\/\/sport-total.com\/schwimmen\/impressum\/","og_locale":"de_DE","og_type":"article","og_title":"Impressum - Sport Total Schwimmschule","og_description":"[vc_row content_placement=&#8220;middle&#8220; css=&#8220;.vc_custom_1498067430481{margin-right: 7% !important;margin-left: 7% !important;}&#8220;][vc_column width=&#8220;2\/3&#8243;][vc_single_image image=&#8220;1776&#8243; img_size=&#8220;full&#8220; onclick=&#8220;zoom&#8220; title=&#8220;Anfahrt Koi&#8220;][\/vc_column][vc_column width=&#8220;1\/3&#8243;][vc_column_text]Anke Bauermeister Diplom-Sportlehrerin, A-Trainerin\/DSV, EAP\/MTT-Sporttherapeutin Tina Kaufmann Diplom-Sportlehrerin, A-Trainerin\/DTB, Staatl. gepr. Tennislehrerin\/VDT SPORT TOTAL Sportschule W\u00fcrzbacher Weg 8 66459 Kirkel Tel. 06849 \/ 91481 Fax 06849 \/ 91482 E-Mail: info@sport-total.com Steuer-Nr.: 040\/157\/13343 Bank-Verbindung: SPORT TOTAL Sportschule KSK Saarpfalz BIC: SALADE51HOM IBAN: DE38 5945 0010 1011 0645 89[\/vc_column_text][\/vc_column][\/vc_row][vc_row disable_element=&#8220;yes&#8220; css=&#8220;.vc_custom_1668608001591{margin-top: 3% !important;margin-right: 7% !important;margin-left: 7% !important;}&#8220; el_id=&#8220;anfahrtKoi&#8220;][vc_column][vc_gmaps link=&#8220;#E-8_JTNDaWZyYW1lJTIwc3JjJTNEJTIyaHR0cHMlM0ElMkYlMkZ3d3cuZ29vZ2xlLmNvbSUyRm1hcHMlMkZlbWJlZCUzRnBiJTNEJTIxMW0xOCUyMTFtMTIlMjExbTMlMjExZDIwNzk4LjQyNzg4OTU2MTE2NCUyMTJkNy4zMzQ0Mjg2MzgwNjcwOTglMjEzZDQ5LjMzNjkzOTE3OTMzNzI3JTIxMm0zJTIxMWYwJTIxMmYwJTIxM2YwJTIxM20yJTIxMWkxMDI0JTIxMmk3NjglMjE0ZjEzLjElMjEzbTMlMjExbTIlMjExczB4NDc5NWRiMDE1NGQwMTgyNyUyNTNBMHhiY2UxOGM2YjkwZGJlM2YxJTIxMnNLT0klMkJCYWQlMkIlMjUyNiUyQlNhdW5hJTIxNWUwJTIxM20yJTIxMXNkZSUyMTJzZGUlMjE0djE1MTQ1NDQ5NTk3NjglMjIlMjB3aWR0aCUzRCUyMjYwMCUyMiUyMGhlaWdodCUzRCUyMjQ1MCUyMiUyMGZyYW1lYm9yZGVyJTNEJTIyMCUyMiUyMHN0eWxlJTNEJTIyYm9yZGVyJTNBMCUyMiUyMGFsbG93ZnVsbHNjcmVlbiUzRSUzQyUyRmlmcmFtZSUzRQ==&#8220; size=&#8220;&#8220; title=&#8220;Anfahrt Koi&#8220;][\/vc_column][\/vc_row][vc_row css=&#8220;.vc_custom_1536243854594{margin-right: 7% !important;margin-left: 7% !important;}&#8220;][vc_column][vc_column_text] Streitschlichtung Die Europ\u00e4ische Kommission stellt eine Plattform zur Online-Streitbeilegung (OS) bereit: https:\/\/ec.europa.eu\/consumers\/odr. Unsere E-Mail-Adresse finden Sie oben im Impressum. Wir sind nicht bereit oder verpflichtet, an Streitbeilegungsverfahren vor einer Verbraucherschlichtungsstelle teilzunehmen. Haftung f\u00fcr Inhalte Als Diensteanbieter sind wir gem\u00e4\u00df \u00a7 7 Abs.1 TMG f\u00fcr eigene Inhalte auf diesen Seiten nach den allgemeinen Gesetzen verantwortlich. Nach \u00a7\u00a7 8 bis 10 TMG sind wir als Diensteanbieter jedoch nicht verpflichtet, \u00fcbermittelte oder gespeicherte fremde Informationen zu \u00fcberwachen oder nach Umst\u00e4nden zu forschen, die auf eine rechtswidrige T\u00e4tigkeit hinweisen. Verpflichtungen zur Entfernung oder Sperrung der Nutzung von Informationen nach den allgemeinen Gesetzen bleiben hiervon unber\u00fchrt. Eine diesbez\u00fcgliche Haftung ist jedoch erst ab dem Zeitpunkt der Kenntnis einer konkreten Rechtsverletzung m\u00f6glich. Bei Bekanntwerden von entsprechenden Rechtsverletzungen werden wir diese Inhalte umgehend entfernen. Haftung f\u00fcr Links Unser Angebot enth\u00e4lt Links zu externen Websites Dritter, auf deren Inhalte wir keinen Einfluss haben. Deshalb k\u00f6nnen wir f\u00fcr diese fremden Inhalte auch keine Gew\u00e4hr \u00fcbernehmen. F\u00fcr die Inhalte der verlinkten Seiten ist stets der jeweilige Anbieter oder Betreiber der Seiten verantwortlich. Die verlinkten Seiten wurden zum Zeitpunkt der Verlinkung auf m\u00f6gliche Rechtsverst\u00f6\u00dfe \u00fcberpr\u00fcft. Rechtswidrige Inhalte waren zum Zeitpunkt der Verlinkung nicht erkennbar. Eine permanente inhaltliche Kontrolle der verlinkten Seiten ist jedoch ohne konkrete Anhaltspunkte einer Rechtsverletzung nicht zumutbar. Bei Bekanntwerden von Rechtsverletzungen werden wir derartige Links umgehend entfernen. Urheberrecht Die durch die Seitenbetreiber erstellten Inhalte und Werke auf diesen Seiten unterliegen dem deutschen Urheberrecht. Die Vervielf\u00e4ltigung, Bearbeitung, Verbreitung und jede Art der Verwertung au\u00dferhalb der Grenzen des Urheberrechtes bed\u00fcrfen der schriftlichen Zustimmung des jeweiligen Autors bzw. Erstellers. Downloads und Kopien dieser Seite sind nur f\u00fcr den privaten, nicht kommerziellen Gebrauch gestattet. Soweit die Inhalte auf dieser Seite nicht vom Betreiber erstellt wurden, werden die Urheberrechte Dritter beachtet. Insbesondere werden Inhalte Dritter als solche gekennzeichnet. Sollten Sie trotzdem auf eine Urheberrechtsverletzung aufmerksam werden, bitten wir um einen entsprechenden Hinweis. Bei Bekanntwerden von Rechtsverletzungen werden wir derartige Inhalte umgehend entfernen. Quelle: https:\/\/www.e-recht24.de[\/vc_column_text][\/vc_column][\/vc_row]","og_url":"https:\/\/sport-total.com\/schwimmen\/impressum\/","og_site_name":"Sport Total Schwimmschule","article_modified_time":"2024-08-28T05:16:38+00:00","twitter_card":"summary_large_image","twitter_misc":{"Gesch\u00e4tzte Lesezeit":"3 Minuten"},"schema":{"@context":"https:\/\/schema.org","@graph":[{"@type":"WebPage","@id":"https:\/\/sport-total.com\/schwimmen\/impressum\/","url":"https:\/\/sport-total.com\/schwimmen\/impressum\/","name":"Impressum - Sport Total Schwimmschule","isPartOf":{"@id":"https:\/\/sport-total.com\/schwimmen\/#website"},"datePublished":"2017-06-20T07:52:07+00:00","dateModified":"2024-08-28T05:16:38+00:00","breadcrumb":{"@id":"https:\/\/sport-total.com\/schwimmen\/impressum\/#breadcrumb"},"inLanguage":"de-DE","potentialAction":[{"@type":"ReadAction","target":["https:\/\/sport-total.com\/schwimmen\/impressum\/"]}]},{"@type":"BreadcrumbList","@id":"https:\/\/sport-total.com\/schwimmen\/impressum\/#breadcrumb","itemListElement":[{"@type":"ListItem","position":1,"name":"Startseite","item":"https:\/\/sport-total.com\/schwimmen\/"},{"@type":"ListItem","position":2,"name":"Impressum"}]},{"@type":"WebSite","@id":"https:\/\/sport-total.com\/schwimmen\/#website","url":"https:\/\/sport-total.com\/schwimmen\/","name":"Sport Total Schwimmschule","description":"Alles rund ums Schwimmen!","publisher":{"@id":"https:\/\/sport-total.com\/schwimmen\/#organization"},"potentialAction":[{"@type":"SearchAction","target":{"@type":"EntryPoint","urlTemplate":"https:\/\/sport-total.com\/schwimmen\/?s={search_term_string}"},"query-input":"required name=search_term_string"}],"inLanguage":"de-DE"},{"@type":"Organization","@id":"https:\/\/sport-total.com\/schwimmen\/#organization","name":"Sport Total","url":"https:\/\/sport-total.com\/schwimmen\/","logo":{"@type":"ImageObject","inLanguage":"de-DE","@id":"https:\/\/sport-total.com\/schwimmen\/#\/schema\/logo\/image\/","url":"https:\/\/sport-total.com\/schwimmen\/wp-content\/uploads\/sites\/2\/2017\/06\/Logo_Sport_Total.png","contentUrl":"https:\/\/sport-total.com\/schwimmen\/wp-content\/uploads\/sites\/2\/2017\/06\/Logo_Sport_Total.png","width":2000,"height":995,"caption":"Sport Total"},"image":{"@id":"https:\/\/sport-total.com\/schwimmen\/#\/schema\/logo\/image\/"}}]}},"_links":{"self":[{"href":"https:\/\/sport-total.com\/schwimmen\/wp-json\/wp\/v2\/pages\/28"}],"collection":[{"href":"https:\/\/sport-total.com\/schwimmen\/wp-json\/wp\/v2\/pages"}],"about":[{"href":"https:\/\/sport-total.com\/schwimmen\/wp-json\/wp\/v2\/types\/page"}],"author":[{"embeddable":true,"href":"https:\/\/sport-total.com\/schwimmen\/wp-json\/wp\/v2\/users\/1"}],"replies":[{"embeddable":true,"href":"https:\/\/sport-total.com\/schwimmen\/wp-json\/wp\/v2\/comments?post=28"}],"version-history":[{"count":44,"href":"https:\/\/sport-total.com\/schwimmen\/wp-json\/wp\/v2\/pages\/28\/revisions"}],"predecessor-version":[{"id":8442,"href":"https:\/\/sport-total.com\/schwimmen\/wp-json\/wp\/v2\/pages\/28\/revisions\/8442"}],"wp:attachment":[{"href":"https:\/\/sport-total.com\/schwimmen\/wp-json\/wp\/v2\/media?parent=28"}],"curies":[{"name":"wp","href":"https:\/\/api.w.org\/{rel}","templated":true}]}}